{"id":33,"date":"2023-11-03T17:24:09","date_gmt":"2023-11-03T20:24:09","guid":{"rendered":"https:\/\/sigmatransformadores.com.br\/?page_id=33"},"modified":"2023-11-10T16:31:28","modified_gmt":"2023-11-10T19:31:28","slug":"home","status":"publish","type":"page","link":"https:\/\/sigmatransformadores.com.br\/","title":{"rendered":"Home"},"content":{"rendered":"<p>[et_pb_section fb_built=&#8221;1&#8243; _builder_version=&#8221;4.23&#8243; _module_preset=&#8221;default&#8221; custom_padding=&#8221;0px||0px||true|false&#8221; global_colors_info=&#8221;{}&#8221;][et_pb_row _builder_version=&#8221;4.23&#8243; _module_preset=&#8221;default&#8221; width=&#8221;100%&#8221; max_width=&#8221;100%&#8221; custom_padding=&#8221;0px||0px||true|false&#8221; global_colors_info=&#8221;{}&#8221;][et_pb_column type=&#8221;4_4&#8243; _builder_version=&#8221;4.23&#8243; _module_preset=&#8221;default&#8221; global_colors_info=&#8221;{}&#8221;][et_pb_slider _builder_version=&#8221;4.23&#8243; _module_preset=&#8221;default&#8221; background_position=&#8221;bottom_left&#8221; module_alignment=&#8221;center&#8221; custom_margin=&#8221;||||false|false&#8221; custom_padding=&#8221;16%||20%||false|false&#8221; custom_padding_tablet=&#8221;16%||20%||false|false&#8221; custom_padding_phone=&#8221;40%||40%||true|false&#8221; custom_padding_last_edited=&#8221;on|phone&#8221; global_colors_info=&#8221;{}&#8221;][et_pb_slide use_bg_overlay=&#8221;off&#8221; use_text_overlay=&#8221;off&#8221; _builder_version=&#8221;4.23&#8243; _module_preset=&#8221;default&#8221; background_image=&#8221;https:\/\/sigmatransformadores.com.br\/wp-content\/uploads\/2023\/11\/banner-1.png&#8221; background_enable_image=&#8221;on&#8221; background_position=&#8221;top_center&#8221; global_colors_info=&#8221;{}&#8221; sticky_transition=&#8221;on&#8221;][\/et_pb_slide][et_pb_slide use_bg_overlay=&#8221;off&#8221; use_text_overlay=&#8221;off&#8221; _builder_version=&#8221;4.23&#8243; _module_preset=&#8221;default&#8221; background_enable_color=&#8221;off&#8221; background_image=&#8221;https:\/\/sigmatransformadores.com.br\/wp-content\/uploads\/2023\/11\/banner-2.png&#8221; background_enable_image=&#8221;on&#8221; background_position=&#8221;top_center&#8221; global_colors_info=&#8221;{}&#8221; sticky_transition=&#8221;on&#8221;][\/et_pb_slide][et_pb_slide use_bg_overlay=&#8221;off&#8221; use_text_overlay=&#8221;off&#8221; _builder_version=&#8221;4.23&#8243; _module_preset=&#8221;default&#8221; background_enable_color=&#8221;off&#8221; background_image=&#8221;https:\/\/sigmatransformadores.com.br\/wp-content\/uploads\/2023\/11\/banner-3.png&#8221; background_enable_image=&#8221;on&#8221; background_position=&#8221;top_center&#8221; global_colors_info=&#8221;{}&#8221; sticky_transition=&#8221;on&#8221;][\/et_pb_slide][\/et_pb_slider][\/et_pb_column][\/et_pb_row][\/et_pb_section][et_pb_section fb_built=&#8221;1&#8243; _builder_version=&#8221;4.23&#8243; _module_preset=&#8221;default&#8221; custom_padding=&#8221;4%||5%||false|false&#8221; global_colors_info=&#8221;{}&#8221;][et_pb_row column_structure=&#8221;1_2,1_2&#8243; _builder_version=&#8221;4.23&#8243; _module_preset=&#8221;default&#8221; global_colors_info=&#8221;{}&#8221;][et_pb_column type=&#8221;1_2&#8243; _builder_version=&#8221;4.23&#8243; _module_preset=&#8221;default&#8221; global_colors_info=&#8221;{}&#8221;][et_pb_blurb title=&#8221;Nossas certifica\u00e7\u00f5es&#8221; image_icon_width=&#8221;32px&#8221; icon_alignment=&#8221;left&#8221; _builder_version=&#8221;4.23&#8243; _module_preset=&#8221;default&#8221; header_font=&#8221;Open Sans|800|||||||&#8221; header_text_align=&#8221;left&#8221; header_font_size=&#8221;32px&#8221; global_colors_info=&#8221;{}&#8221;][\/et_pb_blurb][et_pb_text _builder_version=&#8221;4.23&#8243; _module_preset=&#8221;default&#8221; text_font=&#8221;Open Sans||||||||&#8221; global_colors_info=&#8221;{}&#8221;]<\/p>\n<p><span>Fornecemos transformadores de acordo com os padr\u00f5es e normativas para todas as concession\u00e1rias locais e tamb\u00e9m para Cooperativas de Eletrifica\u00e7\u00e3o Rural. Participamos do Pacto Global e nossos produtos s\u00e3o certificados pelo INMETRO e pela Norma ISO 9001. Tudo isso comprova e refor\u00e7a o nosso compromisso de entregar produtos com alta tecnologia e garantia de seguran\u00e7a.<\/span><\/p>\n<p>[\/et_pb_text][\/et_pb_column][et_pb_column type=&#8221;1_2&#8243; _builder_version=&#8221;4.23&#8243; _module_preset=&#8221;default&#8221; global_colors_info=&#8221;{}&#8221;][et_pb_image src=&#8221;https:\/\/sigmatransformadores.com.br\/wp-content\/uploads\/2023\/11\/Imagem-1.png&#8221; title_text=&#8221;Imagem 1&#8243; align=&#8221;center&#8221; _builder_version=&#8221;4.23&#8243; _module_preset=&#8221;default&#8221; global_colors_info=&#8221;{}&#8221;][\/et_pb_image][et_pb_button button_url=&#8221;https:\/\/sigmatransformadores.com.br\/index.php\/qualidade\/&#8221; button_text=&#8221;Saiba mais&#8221; button_alignment=&#8221;center&#8221; _builder_version=&#8221;4.23&#8243; _module_preset=&#8221;default&#8221; custom_button=&#8221;on&#8221; button_text_size=&#8221;16px&#8221; button_text_color=&#8221;#FFFFFF&#8221; button_bg_color=&#8221;#E02B20&#8243; button_bg_use_color_gradient=&#8221;on&#8221; button_bg_color_gradient_stops=&#8221;#cd251a 0%|#a31c18 100%&#8221; button_border_width=&#8221;0px&#8221; button_border_radius=&#8221;4px&#8221; button_font=&#8221;Open Sans||||||||&#8221; button_use_icon=&#8221;off&#8221; custom_padding=&#8221;14px|48px|14px|48px|true|true&#8221; global_colors_info=&#8221;{}&#8221; button_bg_color__hover_enabled=&#8221;on|hover&#8221; button_bg_color__hover=&#8221;#E02B20&#8243;][\/et_pb_button][\/et_pb_column][\/et_pb_row][\/et_pb_section][et_pb_section fb_built=&#8221;1&#8243; _builder_version=&#8221;4.23&#8243; _module_preset=&#8221;default&#8221; background_color=&#8221;#E02B20&#8243; background_image=&#8221;https:\/\/sigmatransformadores.com.br\/wp-content\/uploads\/2023\/11\/fundo-parallax.jpg&#8221; parallax=&#8221;on&#8221; global_colors_info=&#8221;{}&#8221;][et_pb_row _builder_version=&#8221;4.23&#8243; _module_preset=&#8221;default&#8221; global_colors_info=&#8221;{}&#8221;][et_pb_column type=&#8221;4_4&#8243; _builder_version=&#8221;4.23&#8243; _module_preset=&#8221;default&#8221; global_colors_info=&#8221;{}&#8221;][et_pb_image src=&#8221;https:\/\/sigmatransformadores.com.br\/wp-content\/uploads\/2023\/11\/cartao.png&#8221; title_text=&#8221;cartao&#8221; align=&#8221;center&#8221; _builder_version=&#8221;4.23&#8243; _module_preset=&#8221;default&#8221; global_colors_info=&#8221;{}&#8221;][\/et_pb_image][et_pb_text _builder_version=&#8221;4.23&#8243; _module_preset=&#8221;default&#8221; text_font=&#8221;Open Sans|800|||||||&#8221; text_text_color=&#8221;#FFFFFF&#8221; text_font_size=&#8221;32px&#8221; header_3_font=&#8221;Open Sans|800|||||||&#8221; header_3_text_color=&#8221;#FFFFFF&#8221; header_3_font_size=&#8221;32px&#8221; text_orientation=&#8221;center&#8221; custom_margin=&#8221;||8px||false|false&#8221; custom_padding=&#8221;||0px||false|false&#8221; global_colors_info=&#8221;{}&#8221;]<\/p>\n<h3>A Sigma conta com o Cart\u00e3o BNDES e FINAME<\/h3>\n<p>[\/et_pb_text][et_pb_text _builder_version=&#8221;4.23&#8243; _module_preset=&#8221;default&#8221; text_font=&#8221;Open Sans||||||||&#8221; text_text_color=&#8221;#FFFFFF&#8221; text_font_size=&#8221;16px&#8221; text_orientation=&#8221;center&#8221; global_colors_info=&#8221;{}&#8221;]<\/p>\n<p><span>Parcele tudo em at\u00e9 48 vezes fixas.<\/span><\/p>\n<p>[\/et_pb_text][et_pb_button button_url=&#8221;https:\/\/www.cartaobndes.gov.br\/cartaobndes\/PaginasCartao\/Simulador_PopUp.asp?Acao=S1&#8243; button_text=&#8221;Simulador&#8221; button_alignment=&#8221;center&#8221; _builder_version=&#8221;4.23&#8243; _module_preset=&#8221;default&#8221; custom_button=&#8221;on&#8221; button_text_size=&#8221;16px&#8221; button_text_color=&#8221;#FFFFFF&#8221; button_bg_color=&#8221;#E02B20&#8243; button_bg_use_color_gradient=&#8221;on&#8221; button_bg_color_gradient_stops=&#8221;#cd251a 0%|#a31c18 100%&#8221; button_border_width=&#8221;0px&#8221; button_border_radius=&#8221;4px&#8221; button_font=&#8221;Open Sans||||||||&#8221; button_use_icon=&#8221;off&#8221; custom_padding=&#8221;14px|48px|14px|48px|true|true&#8221; global_colors_info=&#8221;{}&#8221; button_bg_color__hover_enabled=&#8221;on|hover&#8221; button_bg_color__hover=&#8221;#E02B20&#8243;][\/et_pb_button][\/et_pb_column][\/et_pb_row][\/et_pb_section][et_pb_section fb_built=&#8221;1&#8243; _builder_version=&#8221;4.23&#8243; _module_preset=&#8221;default&#8221; global_colors_info=&#8221;{}&#8221;][et_pb_row _builder_version=&#8221;4.23&#8243; _module_preset=&#8221;default&#8221; global_colors_info=&#8221;{}&#8221;][et_pb_column type=&#8221;4_4&#8243; _builder_version=&#8221;4.23&#8243; _module_preset=&#8221;default&#8221; global_colors_info=&#8221;{}&#8221;][et_pb_blurb title=&#8221;Fa\u00e7a um or\u00e7amento do seu transformador&#8221; use_icon=&#8221;on&#8221; font_icon=&#8221;&#xe0ed;||divi||400&#8243; icon_color=&#8221;#E02B20&#8243; image_icon_width=&#8221;32px&#8221; _builder_version=&#8221;4.23&#8243; _module_preset=&#8221;default&#8221; header_font=&#8221;Open Sans|800|||||||&#8221; header_text_align=&#8221;center&#8221; header_font_size=&#8221;32px&#8221; global_colors_info=&#8221;{}&#8221;][\/et_pb_blurb][dnxte_advanced_tab hover_effect=&#8221;none&#8221; tab_hover_effect=&#8221;none&#8221; tab_content_alignment=&#8221;center&#8221; tabs_item_alignment=&#8221;center&#8221; tab_icon_active_color=&#8221;#FFFFFF&#8221; tab_wrapper_margin=&#8221;||||true|true&#8221; body_wrapper_padding=&#8221;8px|8px|8px|8px|true|true&#8221; tab_active_bg_color=&#8221;#f9f9f9&#8243; content_container_bg_color=&#8221;#f9f9f9&#8243; _builder_version=&#8221;4.23&#8243; _module_preset=&#8221;default&#8221; tab_title_font=&#8221;Open Sans|600|||||||&#8221; tab_title_font_size=&#8221;18px&#8221; tab_active_title_font=&#8221;Open Sans|700|||||||&#8221; tab_active_title_text_color=&#8221;#E02B20&#8243; tab_subtitle_font=&#8221;Open Sans||||||||&#8221; body_title_font=&#8221;Open Sans||||||||&#8221; custom_padding=&#8221;||||false|false&#8221; border_radii_tab=&#8221;off|16px|16px||&#8221; border_color_all_tab=&#8221;#E02B20&#8243; border_radii_body=&#8221;off|||16px|16px&#8221; border_radii_tab_active=&#8221;off|16px|16px||&#8221; global_colors_info=&#8221;{}&#8221;][dnxte_advanced_tab_item tab_title=&#8221;Monof\u00e1sico&#8221; tab_subtitle=&#8221;KV 15&#8243; use_divi_library=&#8221;on&#8221; divi_library=&#8221;367&#8243; tab_item_padding=&#8221;2%||2%||true|false&#8221; tab_subtitle_padding=&#8221;4px||||false|false&#8221; _builder_version=&#8221;4.23&#8243; _module_preset=&#8221;default&#8221; tab_subtitle_font=&#8221;Open Sans|600|||||||&#8221; tab_subtitle_font_size=&#8221;14px&#8221; tab_subtitle_letter_spacing=&#8221;4px&#8221; border_radii_tab_title=&#8221;off|16px|16px||&#8221; global_colors_info=&#8221;{}&#8221;][\/dnxte_advanced_tab_item][dnxte_advanced_tab_item tab_title=&#8221;Monof\u00e1sico&#8221; tab_subtitle=&#8221;KV 24,2&#8243; use_divi_library=&#8221;on&#8221; divi_library=&#8221;370&#8243; tab_item_padding=&#8221;2%||2%||true|false&#8221; tab_subtitle_padding=&#8221;4px||||false|false&#8221; _builder_version=&#8221;4.23&#8243; _module_preset=&#8221;default&#8221; tab_subtitle_font=&#8221;Open Sans|600|||||||&#8221; tab_subtitle_font_size=&#8221;14px&#8221; tab_subtitle_letter_spacing=&#8221;4px&#8221; border_radii_tab_title=&#8221;off|16px|16px||&#8221; global_colors_info=&#8221;{}&#8221;][\/dnxte_advanced_tab_item][dnxte_advanced_tab_item tab_title=&#8221;Trif\u00e1sico&#8221; tab_subtitle=&#8221;KV 15&#8243; use_divi_library=&#8221;on&#8221; divi_library=&#8221;362&#8243; tab_item_padding=&#8221;2%||2%||true|false&#8221; tab_subtitle_padding=&#8221;4px||||false|false&#8221; _builder_version=&#8221;4.23&#8243; _module_preset=&#8221;default&#8221; tab_subtitle_font=&#8221;Open Sans|600|||||||&#8221; tab_subtitle_font_size=&#8221;14px&#8221; tab_subtitle_letter_spacing=&#8221;4px&#8221; border_radii_tab_title=&#8221;off|16px|16px||&#8221; global_colors_info=&#8221;{}&#8221;][\/dnxte_advanced_tab_item][dnxte_advanced_tab_item tab_title=&#8221;Trif\u00e1sico&#8221; tab_subtitle=&#8221;KV 24,2&#8243; use_divi_library=&#8221;on&#8221; divi_library=&#8221;376&#8243; tab_item_padding=&#8221;2%||2%||true|false&#8221; tab_subtitle_padding=&#8221;4px||||false|false&#8221; _builder_version=&#8221;4.23&#8243; _module_preset=&#8221;default&#8221; tab_subtitle_font=&#8221;Open Sans|600|||||||&#8221; tab_subtitle_font_size=&#8221;14px&#8221; tab_subtitle_letter_spacing=&#8221;4px&#8221; border_radii_tab_title=&#8221;off|16px|16px||&#8221; global_colors_info=&#8221;{}&#8221;][\/dnxte_advanced_tab_item][\/dnxte_advanced_tab][et_pb_button button_url=&#8221;https:\/\/sigmatransformadores.com.br\/index.php\/orcamento\/&#8221; button_text=&#8221;Solicite um or\u00e7amento&#8221; button_alignment=&#8221;center&#8221; _builder_version=&#8221;4.23&#8243; _module_preset=&#8221;default&#8221; custom_button=&#8221;on&#8221; button_text_size=&#8221;16px&#8221; button_text_color=&#8221;#FFFFFF&#8221; button_bg_color=&#8221;#E02B20&#8243; button_bg_use_color_gradient=&#8221;on&#8221; button_bg_color_gradient_stops=&#8221;#cd251a 0%|#a31c18 100%&#8221; button_border_width=&#8221;0px&#8221; button_border_radius=&#8221;4px&#8221; button_font=&#8221;Open Sans||||||||&#8221; button_use_icon=&#8221;off&#8221; custom_padding=&#8221;14px|48px|14px|48px|true|true&#8221; locked=&#8221;off&#8221; global_colors_info=&#8221;{}&#8221; button_bg_color__hover_enabled=&#8221;on|hover&#8221; button_bg_color__hover=&#8221;#E02B20&#8243;][\/et_pb_button][et_pb_button button_url=&#8221;https:\/\/sigmatransformadores.com.br\/wp-content\/uploads\/2023\/11\/Catalogo-Sigma-1.pdf&#8221; button_text=&#8221;Mais informa\u00e7\u00f5es&#8221; button_alignment=&#8221;center&#8221; _builder_version=&#8221;4.23&#8243; _module_preset=&#8221;default&#8221; custom_button=&#8221;on&#8221; button_text_size=&#8221;16px&#8221; button_text_color=&#8221;#000000&#8243; button_bg_color=&#8221;RGBA(255,255,255,0)&#8221; button_border_width=&#8221;1px&#8221; button_border_color=&#8221;#e8e8e8&#8243; button_border_radius=&#8221;4px&#8221; button_font=&#8221;Open Sans||||||||&#8221; button_use_icon=&#8221;off&#8221; custom_margin=&#8221;0px||||false|false&#8221; custom_padding=&#8221;14px|24px|14px|24px|true|false&#8221; locked=&#8221;off&#8221; global_colors_info=&#8221;{}&#8221; button_bg_color__hover_enabled=&#8221;on|desktop&#8221; button_bg_color__hover=&#8221;&#8221; button_bg_enable_color__hover=&#8221;off&#8221; button_text_color__hover=&#8221;#E02B20&#8243; button_text_color__hover_enabled=&#8221;on|desktop&#8221;][\/et_pb_button][\/et_pb_column][\/et_pb_row][\/et_pb_section][et_pb_section fb_built=&#8221;1&#8243; _builder_version=&#8221;4.23&#8243; _module_preset=&#8221;default&#8221; background_image=&#8221;https:\/\/sigmatransformadores.com.br\/wp-content\/uploads\/2023\/11\/fundo-parallax-2.jpg&#8221; parallax=&#8221;on&#8221; global_colors_info=&#8221;{}&#8221;][et_pb_row _builder_version=&#8221;4.23&#8243; _module_preset=&#8221;default&#8221; global_colors_info=&#8221;{}&#8221;][et_pb_column type=&#8221;4_4&#8243; _builder_version=&#8221;4.23&#8243; _module_preset=&#8221;default&#8221; global_colors_info=&#8221;{}&#8221;][et_pb_text _builder_version=&#8221;4.23&#8243; _module_preset=&#8221;default&#8221; text_font=&#8221;Open Sans|800|||||||&#8221; text_text_color=&#8221;#FFFFFF&#8221; text_font_size=&#8221;32px&#8221; header_3_font=&#8221;Open Sans|800|||||||&#8221; header_3_text_color=&#8221;#FFFFFF&#8221; header_3_font_size=&#8221;32px&#8221; text_orientation=&#8221;center&#8221; custom_margin=&#8221;||8px||false|false&#8221; custom_padding=&#8221;||0px||false|false&#8221; global_colors_info=&#8221;{}&#8221;]<\/p>\n<h3>Mais de 25 anos de solu\u00e7\u00f5es em energia<\/h3>\n<p>[\/et_pb_text][et_pb_button button_url=&#8221;https:\/\/sigmatransformadores.com.br\/index.php\/sobre\/&#8221; button_text=&#8221;Saiba mais&#8221; button_alignment=&#8221;center&#8221; _builder_version=&#8221;4.23&#8243; _module_preset=&#8221;default&#8221; custom_button=&#8221;on&#8221; button_text_size=&#8221;16px&#8221; button_text_color=&#8221;#FFFFFF&#8221; button_bg_color=&#8221;#E02B20&#8243; button_bg_use_color_gradient=&#8221;on&#8221; button_bg_color_gradient_stops=&#8221;#cd251a 0%|#a31c18 100%&#8221; button_border_width=&#8221;0px&#8221; button_border_radius=&#8221;4px&#8221; button_font=&#8221;Open Sans||||||||&#8221; button_use_icon=&#8221;off&#8221; custom_padding=&#8221;14px|48px|14px|48px|true|true&#8221; global_colors_info=&#8221;{}&#8221; button_bg_color__hover_enabled=&#8221;on|hover&#8221; button_bg_color_gradient_stops__hover=&#8221;#cd251a 0%|#cd251a 100%&#8221; button_bg_use_color_gradient__hover=&#8221;on&#8221; button_bg_color__hover=&#8221;#E02B20&#8243;][\/et_pb_button][\/et_pb_column][\/et_pb_row][\/et_pb_section]<\/p>\n","protected":false},"excerpt":{"rendered":"<p>Fornecemos transformadores de acordo com os padr\u00f5es e normativas para todas as concession\u00e1rias locais e tamb\u00e9m para Cooperativas de Eletrifica\u00e7\u00e3o Rural. Participamos do Pacto Global e nossos produtos s\u00e3o certificados pelo INMETRO e pela Norma ISO 9001. Tudo isso comprova e refor\u00e7a o nosso compromisso de entregar produtos com alta tecnologia e garantia de seguran\u00e7a.A [&hellip;]<\/p>\n","protected":false},"author":1,"featured_media":411,"parent":0,"menu_order":0,"comment_status":"closed","ping_status":"closed","template":"","meta":{"_et_pb_use_builder":"on","_et_pb_old_content":"","_et_gb_content_width":"","footnotes":""},"_links":{"self":[{"href":"https:\/\/sigmatransformadores.com.br\/index.php\/wp-json\/wp\/v2\/pages\/33"}],"collection":[{"href":"https:\/\/sigmatransformadores.com.br\/index.php\/wp-json\/wp\/v2\/pages"}],"about":[{"href":"https:\/\/sigmatransformadores.com.br\/index.php\/wp-json\/wp\/v2\/types\/page"}],"author":[{"embeddable":true,"href":"https:\/\/sigmatransformadores.com.br\/index.php\/wp-json\/wp\/v2\/users\/1"}],"replies":[{"embeddable":true,"href":"https:\/\/sigmatransformadores.com.br\/index.php\/wp-json\/wp\/v2\/comments?post=33"}],"version-history":[{"count":47,"href":"https:\/\/sigmatransformadores.com.br\/index.php\/wp-json\/wp\/v2\/pages\/33\/revisions"}],"predecessor-version":[{"id":5253,"href":"https:\/\/sigmatransformadores.com.br\/index.php\/wp-json\/wp\/v2\/pages\/33\/revisions\/5253"}],"wp:featuredmedia":[{"embeddable":true,"href":"https:\/\/sigmatransformadores.com.br\/index.php\/wp-json\/wp\/v2\/media\/411"}],"wp:attachment":[{"href":"https:\/\/sigmatransformadores.com.br\/index.php\/wp-json\/wp\/v2\/media?parent=33"}],"curies":[{"name":"wp","href":"https:\/\/api.w.org\/{rel}","templated":true}]}}