{"id":168,"date":"2023-11-06T11:38:42","date_gmt":"2023-11-06T14:38:42","guid":{"rendered":"https:\/\/sigmatransformadores.com.br\/?page_id=168"},"modified":"2023-11-10T16:09:35","modified_gmt":"2023-11-10T19:09:35","slug":"diretrizes-organizacionais","status":"publish","type":"page","link":"https:\/\/sigmatransformadores.com.br\/index.php\/diretrizes-organizacionais\/","title":{"rendered":"Diretrizes Organizacionais"},"content":{"rendered":"<p>[et_pb_section fb_built=&#8221;1&#8243; _builder_version=&#8221;4.23&#8243; _module_preset=&#8221;default&#8221; background_image=&#8221;https:\/\/sigmatransformadores.com.br\/wp-content\/uploads\/2023\/11\/fundo-diretrizes.jpg&#8221; width=&#8221;100%&#8221; max_width=&#8221;100%&#8221; custom_margin=&#8221;0px||0px||true|false&#8221; custom_padding=&#8221;3%||3%||true|false&#8221; global_colors_info=&#8221;{}&#8221;][et_pb_row use_custom_gutter=&#8221;on&#8221; gutter_width=&#8221;1&#8243; _builder_version=&#8221;4.23&#8243; _module_preset=&#8221;default&#8221; width=&#8221;100%&#8221; max_width=&#8221;100%&#8221; module_alignment=&#8221;center&#8221; global_colors_info=&#8221;{}&#8221;][et_pb_column type=&#8221;4_4&#8243; _builder_version=&#8221;4.23&#8243; _module_preset=&#8221;default&#8221; custom_padding=&#8221;0px|0px|0px|0px|true|true&#8221; global_colors_info=&#8221;{}&#8221;][\/et_pb_column][\/et_pb_row][\/et_pb_section][et_pb_section fb_built=&#8221;1&#8243; _builder_version=&#8221;4.23&#8243; _module_preset=&#8221;default&#8221; custom_padding=&#8221;4%||5%||false|false&#8221; global_colors_info=&#8221;{}&#8221;][et_pb_row _builder_version=&#8221;4.23&#8243; _module_preset=&#8221;default&#8221; global_colors_info=&#8221;{}&#8221;][et_pb_column type=&#8221;4_4&#8243; _builder_version=&#8221;4.23&#8243; _module_preset=&#8221;default&#8221; global_colors_info=&#8221;{}&#8221;][et_pb_text _builder_version=&#8221;4.23&#8243; _module_preset=&#8221;default&#8221; text_font=&#8221;|800|||||||&#8221; text_font_size=&#8221;32px&#8221; global_colors_info=&#8221;{}&#8221;]<\/p>\n<p>Nossa miss\u00e3o<\/p>\n<p>[\/et_pb_text][et_pb_text _builder_version=&#8221;4.23&#8243; _module_preset=&#8221;default&#8221; text_font=&#8221;Open Sans||||||||&#8221; global_colors_info=&#8221;{}&#8221;]<\/p>\n<div class=\"col-lg-6\">\n<p><span centaur=\"\" serif=\"\" mso-fareast-font-family:=\"\" batang=\"\" mso-bidi-font-family:=\"\" calibri=\"\" light=\"\" mso-bidi-theme-font:major-latin=\"\" mso-bidi-font-weight:bold=\"\">A<span>\u00a0<\/span><\/span><strong><span centaur=\"\" serif=\"\" mso-fareast-font-family:=\"\" batang=\"\" mso-bidi-font-family:=\"\" calibri=\"\" light=\"\" mso-bidi-theme-font:major-latin=\"\">Sigma Equipamentos El\u00e9tricos Ltda<\/span><\/strong><span centaur=\"\" serif=\"\" mso-fareast-font-family:batang=\"\" mso-bidi-font-family:=\"\" calibri=\"\" light=\"\" mso-bidi-theme-font:major-latin=\"\" mso-bidi-font-weight:bold=\"\">.,<\/span><span centaur=\"\" serif=\"\" mso-fareast-font-family:=\"\" batang=\"\" mso-bidi-font-family:=\"\" calibri=\"\" light=\"\" mso-bidi-theme-font:major-latin=\"\" color:black=\"\" mso-color-alt:windowtext=\"\" letter-spacing:=\"\" 6pt=\"\" background:white=\"\"><span>\u00a0<\/span><\/span><span centaur=\"\" serif=\"\" mso-fareast-font-family:=\"\" batang=\"\" mso-bidi-font-family:=\"\" calibri=\"\" light=\"\" mso-bidi-theme-font:major-latin=\"\" color:black=\"\" mso-color-alt:windowtext=\"\" letter-spacing:=\"\" 6pt=\"\" background:white=\"\">se compromete em fornecer produtos e servi\u00e7os de<span>\u00a0<\/span><\/span><strong><span centaur=\"\" serif=\"\" mso-fareast-font-family:batang=\"\" mso-bidi-font-family:=\"\" calibri=\"\" light=\"\" mso-bidi-theme-font:major-latin=\"\" color:=\"\" 5b9bd5=\"\" mso-themecolor:=\"\" accent5=\"\" letter-spacing:=\"\" 6pt=\"\" background:white=\"\">excel\u00eancia<\/span><\/strong><span centaur=\"\" serif=\"\" mso-fareast-font-family:=\"\" batang=\"\" mso-bidi-font-family:=\"\" calibri=\"\" light=\"\" mso-bidi-theme-font:major-latin=\"\" color:black=\"\" mso-color-alt:windowtext=\"\" letter-spacing:=\"\" 6pt=\"\" background:white=\"\">,<span>\u00a0<\/span><\/span><span centaur=\"\" serif=\"\" mso-fareast-font-family:=\"\" batang=\"\" mso-bidi-font-family:=\"\" calibri=\"\" light=\"\" mso-bidi-theme-font:major-latin=\"\" color:black=\"\" mso-color-alt:windowtext=\"\" letter-spacing:=\"\" 6pt=\"\" background:white=\"\">com<span>\u00a0<\/span><\/span><strong><span centaur=\"\" serif=\"\" mso-fareast-font-family:=\"\" batang=\"\" mso-bidi-font-family:=\"\" calibri=\"\" light=\"\" mso-bidi-theme-font:major-latin=\"\" color:red=\"\" letter-spacing:=\"\" 6pt=\"\" background:white=\"\">responsabilidade social<span>\u00a0<\/span><\/span><\/strong><span centaur=\"\" serif=\"\" mso-fareast-font-family:=\"\" batang=\"\" mso-bidi-font-family:=\"\" calibri=\"\" light=\"\" mso-bidi-theme-font:major-latin=\"\" color:black=\"\" mso-color-alt:windowtext=\"\" letter-spacing:=\"\" 6pt=\"\" background:white=\"\">e<span>\u00a0<\/span><\/span><strong><span centaur=\"\" serif=\"\" mso-fareast-font-family:=\"\" batang=\"\" mso-bidi-font-family:=\"\" calibri=\"\" light=\"\" mso-bidi-theme-font:major-latin=\"\" color:=\"\" 00b050=\"\" letter-spacing:=\"\" 6pt=\"\" background:white=\"\">ambiental<\/span><\/strong><span centaur=\"\" serif=\"\" mso-fareast-font-family:=\"\" batang=\"\" mso-bidi-font-family:=\"\" calibri=\"\" light=\"\" mso-bidi-theme-font:major-latin=\"\" color:black=\"\" mso-color-alt:windowtext=\"\" letter-spacing:=\"\" 6pt=\"\" background:white=\"\">,<\/span><span centaur=\"\" serif=\"\" mso-fareast-font-family:=\"\" batang=\"\" mso-bidi-font-family:=\"\" calibri=\"\" light=\"\" mso-bidi-theme-font:major-latin=\"\" color:=\"\" 00b050=\"\" letter-spacing:=\"\" 6pt=\"\" background:white=\"\"><span>\u00a0<\/span><\/span><span centaur=\"\" serif=\"\" mso-fareast-font-family:=\"\" batang=\"\" mso-bidi-font-family:=\"\" calibri=\"\" light=\"\" mso-bidi-theme-font:major-latin=\"\" color:black=\"\" mso-color-alt:windowtext=\"\" letter-spacing:=\"\" 6pt=\"\" background:white=\"\">que atendam as expectativas dos clientes e requisitos legais aplic\u00e1veis,<span>\u00a0<\/span><\/span><span centaur=\"\" serif=\"\" mso-fareast-font-family:=\"\" batang=\"\" mso-bidi-font-family:=\"\" calibri=\"\" light=\"\" mso-bidi-theme-font:major-latin=\"\">buscando a melhoria cont\u00ednua do Sistema de Gest\u00e3o Integrado e atendimento aos<span>\u00a0<\/span><strong>objetivos estrat\u00e9gicos.<\/strong><\/span><\/p>\n<\/div>\n<p>[\/et_pb_text][\/et_pb_column][\/et_pb_row][et_pb_row column_structure=&#8221;1_2,1_2&#8243; _builder_version=&#8221;4.23&#8243; _module_preset=&#8221;default&#8221; global_colors_info=&#8221;{}&#8221;][et_pb_column type=&#8221;1_2&#8243; _builder_version=&#8221;4.23&#8243; _module_preset=&#8221;default&#8221; global_colors_info=&#8221;{}&#8221;][et_pb_text _builder_version=&#8221;4.23&#8243; _module_preset=&#8221;default&#8221; text_font=&#8221;Open Sans|800|||||||&#8221; text_font_size=&#8221;24px&#8221; global_colors_info=&#8221;{}&#8221;]<\/p>\n<p>Nossa vis\u00e3o<\/p>\n<p>[\/et_pb_text][et_pb_text _builder_version=&#8221;4.23&#8243; _module_preset=&#8221;default&#8221; text_font=&#8221;Open Sans||||||||&#8221; global_colors_info=&#8221;{}&#8221;]<\/p>\n<div class=\"col-lg-6\">\n<p><span>Ser reconhecida no mercado como a melhor empresa ga\u00facha de fabrica\u00e7\u00e3o e manuten\u00e7\u00e3o de transformadores.<\/span><\/p>\n<\/div>\n<p>[\/et_pb_text][et_pb_text _builder_version=&#8221;4.23&#8243; _module_preset=&#8221;default&#8221; text_font=&#8221;Open Sans|800|||||||&#8221; text_font_size=&#8221;24px&#8221; global_colors_info=&#8221;{}&#8221;]<\/p>\n<p>Nossa valores<\/p>\n<p>[\/et_pb_text][et_pb_text _builder_version=&#8221;4.23&#8243; _module_preset=&#8221;default&#8221; text_font=&#8221;Open Sans||||||||&#8221; global_colors_info=&#8221;{}&#8221;]<\/p>\n<div class=\"col-lg-6\">\n<p><span>Nossos valores determinam e nos guiam na tomada de decis\u00f5es:<\/span><\/p>\n<p>&nbsp;<\/p>\n<ul>\n<li>Comportamento \u00edntegro e transparente;<\/li>\n<li>Satisfa\u00e7\u00e3o de cliente;<\/li>\n<li>Valoriza\u00e7\u00e3o das pessoas;<\/li>\n<li>\u00c9tica e honestidade;<\/li>\n<li>Respeito com o meio ambiente<\/li>\n<\/ul>\n<\/div>\n<p>[\/et_pb_text][\/et_pb_column][et_pb_column type=&#8221;1_2&#8243; _builder_version=&#8221;4.23&#8243; _module_preset=&#8221;default&#8221; global_colors_info=&#8221;{}&#8221;][et_pb_image src=&#8221;https:\/\/sigmatransformadores.com.br\/wp-content\/uploads\/2023\/11\/foto-codigo-etica.png&#8221; title_text=&#8221;foto-codigo-etica&#8221; align=&#8221;center&#8221; _builder_version=&#8221;4.23&#8243; _module_preset=&#8221;default&#8221; global_colors_info=&#8221;{}&#8221;][\/et_pb_image][et_pb_button button_url=&#8221;https:\/\/sigmatransformadores.com.br\/wp-content\/uploads\/2023\/11\/Codigo-de-etica-concluido.pdf&#8221; button_text=&#8221;Nosso c\u00f3digo de \u00e9tica&#8221; button_alignment=&#8221;center&#8221; _builder_version=&#8221;4.23&#8243; _module_preset=&#8221;default&#8221; custom_button=&#8221;on&#8221; button_text_size=&#8221;16px&#8221; button_text_color=&#8221;#FFFFFF&#8221; button_bg_color=&#8221;#E02B20&#8243; button_bg_use_color_gradient=&#8221;on&#8221; button_bg_color_gradient_stops=&#8221;#cd251a 0%|#a31c18 100%&#8221; button_border_width=&#8221;0px&#8221; button_border_radius=&#8221;4px&#8221; button_font=&#8221;Open Sans||||||||&#8221; button_use_icon=&#8221;off&#8221; custom_padding=&#8221;14px|48px|14px|48px|true|true&#8221; locked=&#8221;off&#8221; global_colors_info=&#8221;{}&#8221; button_bg_color__hover_enabled=&#8221;on|hover&#8221; button_bg_color__hover=&#8221;#E02B20&#8243;][\/et_pb_button][\/et_pb_column][\/et_pb_row][\/et_pb_section]<\/p>\n","protected":false},"excerpt":{"rendered":"<p>Nossa miss\u00e3o A\u00a0Sigma Equipamentos El\u00e9tricos Ltda.,\u00a0se compromete em fornecer produtos e servi\u00e7os de\u00a0excel\u00eancia,\u00a0com\u00a0responsabilidade social\u00a0e\u00a0ambiental,\u00a0que atendam as expectativas dos clientes e requisitos legais aplic\u00e1veis,\u00a0buscando a melhoria cont\u00ednua do Sistema de Gest\u00e3o Integrado e atendimento aos\u00a0objetivos estrat\u00e9gicos. Nossa vis\u00e3o Ser reconhecida no mercado como a melhor empresa ga\u00facha de fabrica\u00e7\u00e3o e manuten\u00e7\u00e3o de transformadores. Nossa valores Nossos [&hellip;]<\/p>\n","protected":false},"author":1,"featured_media":411,"parent":0,"menu_order":0,"comment_status":"closed","ping_status":"closed","template":"","meta":{"_et_pb_use_builder":"on","_et_pb_old_content":"","_et_gb_content_width":"","footnotes":""},"_links":{"self":[{"href":"https:\/\/sigmatransformadores.com.br\/index.php\/wp-json\/wp\/v2\/pages\/168"}],"collection":[{"href":"https:\/\/sigmatransformadores.com.br\/index.php\/wp-json\/wp\/v2\/pages"}],"about":[{"href":"https:\/\/sigmatransformadores.com.br\/index.php\/wp-json\/wp\/v2\/types\/page"}],"author":[{"embeddable":true,"href":"https:\/\/sigmatransformadores.com.br\/index.php\/wp-json\/wp\/v2\/users\/1"}],"replies":[{"embeddable":true,"href":"https:\/\/sigmatransformadores.com.br\/index.php\/wp-json\/wp\/v2\/comments?post=168"}],"version-history":[{"count":7,"href":"https:\/\/sigmatransformadores.com.br\/index.php\/wp-json\/wp\/v2\/pages\/168\/revisions"}],"predecessor-version":[{"id":5256,"href":"https:\/\/sigmatransformadores.com.br\/index.php\/wp-json\/wp\/v2\/pages\/168\/revisions\/5256"}],"wp:featuredmedia":[{"embeddable":true,"href":"https:\/\/sigmatransformadores.com.br\/index.php\/wp-json\/wp\/v2\/media\/411"}],"wp:attachment":[{"href":"https:\/\/sigmatransformadores.com.br\/index.php\/wp-json\/wp\/v2\/media?parent=168"}],"curies":[{"name":"wp","href":"https:\/\/api.w.org\/{rel}","templated":true}]}}