{"id":149,"date":"2023-11-06T11:26:08","date_gmt":"2023-11-06T14:26:08","guid":{"rendered":"https:\/\/sigmatransformadores.com.br\/?page_id=149"},"modified":"2023-11-09T11:07:16","modified_gmt":"2023-11-09T14:07:16","slug":"sustentabilidade","status":"publish","type":"page","link":"https:\/\/sigmatransformadores.com.br\/index.php\/sustentabilidade\/","title":{"rendered":"Sustentabilidade"},"content":{"rendered":"\n[et_pb_section fb_built=&#8221;1&#8243; _builder_version=&#8221;4.23&#8243; _module_preset=&#8221;default&#8221; background_image=&#8221;https:\/\/sigmatransformadores.com.br\/wp-content\/uploads\/2023\/11\/fundo-sustentabilidade.jpg&#8221; width=&#8221;100%&#8221; max_width=&#8221;100%&#8221; custom_margin=&#8221;0px||0px||true|false&#8221; custom_padding=&#8221;3%||3%||true|false&#8221; global_colors_info=&#8221;{}&#8221;][et_pb_row use_custom_gutter=&#8221;on&#8221; gutter_width=&#8221;1&#8243; _builder_version=&#8221;4.23&#8243; _module_preset=&#8221;default&#8221; width=&#8221;100%&#8221; max_width=&#8221;100%&#8221; module_alignment=&#8221;center&#8221; global_colors_info=&#8221;{}&#8221;][et_pb_column type=&#8221;4_4&#8243; _builder_version=&#8221;4.23&#8243; _module_preset=&#8221;default&#8221; custom_padding=&#8221;0px|0px|0px|0px|true|true&#8221; global_colors_info=&#8221;{}&#8221;][\/et_pb_column][\/et_pb_row][\/et_pb_section][et_pb_section fb_built=&#8221;1&#8243; _builder_version=&#8221;4.23&#8243; _module_preset=&#8221;default&#8221; custom_padding=&#8221;4%||5%||false|false&#8221; global_colors_info=&#8221;{}&#8221;][et_pb_row _builder_version=&#8221;4.23&#8243; _module_preset=&#8221;default&#8221; global_colors_info=&#8221;{}&#8221;][et_pb_column type=&#8221;4_4&#8243; _builder_version=&#8221;4.23&#8243; _module_preset=&#8221;default&#8221; global_colors_info=&#8221;{}&#8221;][et_pb_text _builder_version=&#8221;4.23&#8243; _module_preset=&#8221;default&#8221; text_font=&#8221;|800|||||||&#8221; text_font_size=&#8221;32px&#8221; global_colors_info=&#8221;{}&#8221;]<p>Sustentabilidade<\/p>[\/et_pb_text][et_pb_text _builder_version=&#8221;4.23&#8243; _module_preset=&#8221;default&#8221; text_font=&#8221;Open Sans||||||||&#8221; global_colors_info=&#8221;{}&#8221;]<div class=\"col-lg-6\">\n<p><span>A Sigma Equipamentos El\u00e9tricos Ltda, com a\u00e7\u00f5es respons\u00e1veis frente suas pol\u00edticas de gest\u00e3o, visa sempre desenvolver de suas atividades de forma sustent\u00e1vel.\u00a0<\/span><\/p>\n<p><span>Atrav\u00e9s da Certifica\u00e7\u00e3o na ISO 9001 e dos esfor\u00e7os que vem sendo realizados para uma futura certifica\u00e7\u00e3o nas ISO\u2019s 14001 e 45001, a empresa busca transpar\u00eancia e compromisso com a qualidade, respeito ao meio ambiente e preocupa\u00e7\u00e3o com a seguran\u00e7a e sa\u00fade ocupacional de seus colaboradores no desenvolvimento de seus produtos.\u00a0<\/span><\/p>\n<p><span>No processo de reforma de transformadores com o refino e reutiliza\u00e7\u00e3o do \u00f3leo mineral, a Sigma contribui na redu\u00e7\u00e3o do uso de mat\u00e9rias primas n\u00e3o renov\u00e1veis, assim como na diminui\u00e7\u00e3o de res\u00edduos que seriam gerados se esses materiais n\u00e3o fossem reaproveitados.<\/span><\/p>\n<p><span>Estamos sempre em constante desenvolvimento de novas ferramentas para ajuste de projetos, onde entre outros objetivos visa-se a redu\u00e7\u00e3o do desperd\u00edcio e a melhor utiliza\u00e7\u00e3o de mat\u00e9rias primas. A Sigma transformadores vem implantando em seu processo t\u00e9cnicas de redu\u00e7\u00e3o, substitui\u00e7\u00e3o e otimiza\u00e7\u00e3o de materiais, visando ao m\u00e1ximo a diminui\u00e7\u00e3o dos impactos ambientais que a empresa venha gerar no desenvolver de suas atividades.\u00a0<\/span><\/p>\n<p><span>Exemplo disso \u00e9 o incentivo a utiliza\u00e7\u00e3o do \u00f3leo vegetal em nossos transformadores, procuramos passar para nossos clientes a ideia de que o uso deste produto; apesar de ser mais caro que o \u00f3leo mineral; traz vantagens para a seguran\u00e7a das instala\u00e7\u00f5es bem como para o meio ambiente. Este \u00f3leo \u00e9\u00a0 produzido a partir de \u00e9steres naturais, extra\u00eddos de fontes renov\u00e1veis, como a soja, e est\u00e1 alinhado a preocupa\u00e7\u00e3o com o meio ambiente, por ser\u00a0 um produto biodegrad\u00e1vel. a utiliza\u00e7\u00e3o deste \u00f3leo contribui para reduzir o uso de petr\u00f3leo.<\/span><\/p>\n<\/div>[\/et_pb_text][et_pb_image src=&#8221;https:\/\/sigmatransformadores.com.br\/wp-content\/uploads\/2023\/11\/selo-sustentabilidade.png&#8221; title_text=&#8221;selo-sustentabilidade&#8221; _builder_version=&#8221;4.23&#8243; _module_preset=&#8221;default&#8221; global_colors_info=&#8221;{}&#8221;][\/et_pb_image][et_pb_text _builder_version=&#8221;4.23&#8243; _module_preset=&#8221;default&#8221; text_font=&#8221;Open Sans||||||||&#8221; global_colors_info=&#8221;{}&#8221;]<div class=\"col-lg-6\">\n<p><span>Realizamos treinamentos peri\u00f3dicos com nossos colaboradores, onde frisa-se a grande import\u00e2ncia da conscientiza\u00e7\u00e3o com a diminui\u00e7\u00e3o de gera\u00e7\u00e3o e correta segrega\u00e7\u00e3o dos res\u00edduos s\u00f3lidos gerados no processo produtivo, tornando poss\u00edvel uma destina\u00e7\u00e3o ambientalmente mais adequada para os mesmos.<\/span><\/p>\n<p><span>A Sigma transformadores cumpre todas as legisla\u00e7\u00f5es vigentes no pa\u00eds e possui licenciamento ambiental para todas as suas atividades. Al\u00e9m disso, \u00e9 realizado o monitoramento ambiental de todos os seus processos produtivos atrav\u00e9s de an\u00e1lises ambientais peri\u00f3dicas da qualidade da \u00e1gua, solo e ar para garantir que nada saia em desacordo com as normas estabelecidas para cada atividade.\u00a0<\/span><\/p>\n<p><span>Buscamos na realiza\u00e7\u00e3o de nossa atividade a melhor utiliza\u00e7\u00e3o de recursos naturais de forma a contribuir para a preserva\u00e7\u00e3o do meio ambiente, nosso compromisso \u00e9 aprimorar a destina\u00e7\u00e3o de nossos res\u00edduos, buscando sempre melhores alternativas e destina\u00e7\u00e3o mais adequada poss\u00edvel.<\/span><\/p>\n<p><span>N\u00f3s da Sigma transformadores, sabemos da import\u00e2ncia da preserva\u00e7\u00e3o do meio ambiente e da necessidade de conscientiza\u00e7\u00e3o de todos, pelo bem-estar e qualidade de vida de cada indiv\u00edduo, pela sobreviv\u00eancia do homem como esp\u00e9cie.<\/span><\/p>\n<p><span>Esperamos com isto criar em nosso ambiente de trabalho uma cultura de responsabilidade com o meio ambiente, que todos os nossos colaboradores possam disseminar e aprimorar.<\/span><\/p>\n<\/div>[\/et_pb_text][\/et_pb_column][\/et_pb_row][\/et_pb_section][et_pb_section fb_built=&#8221;1&#8243; _builder_version=&#8221;4.23&#8243; _module_preset=&#8221;default&#8221; background_color=&#8221;#E02B20&#8243; background_image=&#8221;https:\/\/sigmatransformadores.com.br\/wp-content\/uploads\/2023\/11\/fundo-parallax-sustentabilidade.jpg&#8221; parallax=&#8221;on&#8221; global_colors_info=&#8221;{}&#8221;][et_pb_row _builder_version=&#8221;4.23&#8243; _module_preset=&#8221;default&#8221; global_colors_info=&#8221;{}&#8221;][et_pb_column type=&#8221;4_4&#8243; _builder_version=&#8221;4.23&#8243; _module_preset=&#8221;default&#8221; global_colors_info=&#8221;{}&#8221;][et_pb_text _builder_version=&#8221;4.23&#8243; _module_preset=&#8221;default&#8221; text_font=&#8221;Open Sans||||||||&#8221; text_text_color=&#8221;#FFFFFF&#8221; text_font_size=&#8221;32px&#8221; header_3_font=&#8221;Open Sans|700|||||||&#8221; header_3_text_color=&#8221;#FFFFFF&#8221; header_3_font_size=&#8221;32px&#8221; header_3_line_height=&#8221;1.3em&#8221; text_orientation=&#8221;center&#8221; custom_margin=&#8221;||8px||false|false&#8221; custom_padding=&#8221;||0px||false|false&#8221; global_colors_info=&#8221;{}&#8221;]<h3>Compromisso com o Meio Ambiente e Combate \u00e0 Corrup\u00e7\u00e3o<br \/>Participante do Pacto Globa<\/h3>[\/et_pb_text][et_pb_button button_url=&#8221;https:\/\/unglobalcompact.org\/what-is-gc\/participants\/132040&#8243; button_text=&#8221;Mais informa\u00e7\u00f5es&#8221; button_alignment=&#8221;center&#8221; _builder_version=&#8221;4.23&#8243; _module_preset=&#8221;default&#8221; custom_button=&#8221;on&#8221; button_text_size=&#8221;16px&#8221; button_text_color=&#8221;#FFFFFF&#8221; button_bg_color=&#8221;#E02B20&#8243; button_bg_use_color_gradient=&#8221;on&#8221; button_bg_color_gradient_stops=&#8221;#cd251a 0%|#a31c18 100%&#8221; button_border_width=&#8221;0px&#8221; button_border_radius=&#8221;4px&#8221; button_font=&#8221;Open Sans||||||||&#8221; button_use_icon=&#8221;off&#8221; custom_padding=&#8221;14px|48px|14px|48px|true|true&#8221; locked=&#8221;off&#8221; global_colors_info=&#8221;{}&#8221; button_bg_color__hover_enabled=&#8221;on|hover&#8221; button_bg_color__hover=&#8221;#E02B20&#8243;][\/et_pb_button][\/et_pb_column][\/et_pb_row][\/et_pb_section][et_pb_section fb_built=&#8221;1&#8243; _builder_version=&#8221;4.23&#8243; _module_preset=&#8221;default&#8221; global_colors_info=&#8221;{}&#8221;][et_pb_row _builder_version=&#8221;4.23&#8243; _module_preset=&#8221;default&#8221; global_colors_info=&#8221;{}&#8221;][et_pb_column type=&#8221;4_4&#8243; _builder_version=&#8221;4.23&#8243; _module_preset=&#8221;default&#8221; global_colors_info=&#8221;{}&#8221;][et_pb_text _builder_version=&#8221;4.23&#8243; _module_preset=&#8221;default&#8221; text_font=&#8221;|800|||||||&#8221; text_font_size=&#8221;32px&#8221; header_font=&#8221;Open Sans|800|||||||&#8221; header_font_size=&#8221;32px&#8221; global_colors_info=&#8221;{}&#8221;]<h1>PACTO GLOBAL<\/h1>[\/et_pb_text][et_pb_text _builder_version=&#8221;4.23&#8243; _module_preset=&#8221;default&#8221; text_font=&#8221;Open Sans||||||||&#8221; global_colors_info=&#8221;{}&#8221;]<div class=\"col-lg-6\">\n<div class=\"col-lg-6\">\n<p>O Pacto Global \u00e9 uma iniciativa desenvolvida pelo ex-secret\u00e1rio-geral da ONU, Kofi Annan, com o objetivo de mobilizar a comunidade empresarial internacional para a ado\u00e7\u00e3o, em suas pr\u00e1ticas de neg\u00f3cios, de valores fundamentais e internacionalmente aceitos nas \u00e1reas de direitos humanos, rela\u00e7\u00f5es de trabalho, meio ambiente e combate \u00e0 corrup\u00e7\u00e3o refletidos em 10 princ\u00edpios.<\/p>\n<\/div>\n<div class=\"col-lg-6\">\n<p>Os dez Princ\u00edpios universais, derivados da Declara\u00e7\u00e3o Universal de Direitos Humanos, da Declara\u00e7\u00e3o da Organiza\u00e7\u00e3o Internacional do Trabalho sobre Princ\u00edpios e Direitos Fundamentais no Trabalho, da Declara\u00e7\u00e3o do Rio sobre Meio Ambiente e Desenvolvimento e da Conven\u00e7\u00e3o das Na\u00e7\u00f5es Unidas Contra a Corrup\u00e7\u00e3o:<\/p>\n<\/div>\n<\/div>[\/et_pb_text][et_pb_text _builder_version=&#8221;4.23&#8243; _module_preset=&#8221;default&#8221; text_font=&#8221;|800|||||||&#8221; text_font_size=&#8221;32px&#8221; header_font=&#8221;Open Sans|800|||||||&#8221; header_font_size=&#8221;32px&#8221; header_2_font=&#8221;Open Sans|700||on|||||&#8221; header_2_text_color=&#8221;#000000&#8243; header_2_font_size=&#8221;24px&#8221; global_colors_info=&#8221;{}&#8221;]<h2>10 Mandamentos do Pacto Global<\/h2>[\/et_pb_text][\/et_pb_column][\/et_pb_row][et_pb_row _builder_version=&#8221;4.23&#8243; _module_preset=&#8221;default&#8221; global_colors_info=&#8221;{}&#8221;][et_pb_column type=&#8221;4_4&#8243; _builder_version=&#8221;4.23&#8243; _module_preset=&#8221;default&#8221; global_colors_info=&#8221;{}&#8221;][et_pb_image src=&#8221;https:\/\/sigmatransformadores.com.br\/wp-content\/uploads\/2023\/11\/respeitar.png&#8221; title_text=&#8221;respeitar&#8221; _builder_version=&#8221;4.23&#8243; _module_preset=&#8221;default&#8221; global_colors_info=&#8221;{}&#8221;][\/et_pb_image][et_pb_text _builder_version=&#8221;4.23&#8243; _module_preset=&#8221;default&#8221; text_font=&#8221;Open Sans|700|||||||&#8221; text_text_color=&#8221;#000000&#8243; text_font_size=&#8221;18px&#8221; global_colors_info=&#8221;{}&#8221;]<div class=\"col-lg-6\">\n<p><span>Respeitar<\/span><\/p>\n<\/div>[\/et_pb_text][et_pb_text _builder_version=&#8221;4.23&#8243; _module_preset=&#8221;default&#8221; text_font=&#8221;Open Sans||||||||&#8221; global_colors_info=&#8221;{}&#8221;]<div class=\"col-lg-6\">\n<p><span>As empresas devem apoiar e respeitar a\u00a0prote\u00e7\u00e3o de direitos humanos reconhecidos internacionalmente<\/span><\/p>\n<\/div>[\/et_pb_text][\/et_pb_column][\/et_pb_row][et_pb_row _builder_version=&#8221;4.23&#8243; _module_preset=&#8221;default&#8221; global_colors_info=&#8221;{}&#8221;][et_pb_column type=&#8221;4_4&#8243; _builder_version=&#8221;4.23&#8243; _module_preset=&#8221;default&#8221; global_colors_info=&#8221;{}&#8221;][et_pb_image src=&#8221;https:\/\/sigmatransformadores.com.br\/wp-content\/uploads\/2023\/11\/assegurar-1.png&#8221; title_text=&#8221;assegurar (1)&#8221; _builder_version=&#8221;4.23&#8243; _module_preset=&#8221;default&#8221; global_colors_info=&#8221;{}&#8221;][\/et_pb_image][et_pb_text _builder_version=&#8221;4.23&#8243; _module_preset=&#8221;default&#8221; text_font=&#8221;Open Sans|700|||||||&#8221; text_text_color=&#8221;#000000&#8243; text_font_size=&#8221;18px&#8221; global_colors_info=&#8221;{}&#8221;]<div class=\"col-lg-6\">\n<p><span>Assegurar<\/span><\/p>\n<\/div>[\/et_pb_text][et_pb_text _builder_version=&#8221;4.23&#8243; _module_preset=&#8221;default&#8221; text_font=&#8221;Open Sans||||||||&#8221; global_colors_info=&#8221;{}&#8221;]<div class=\"col-lg-6\">\n<p><span>Assegurar-se de sua n\u00e3o participa\u00e7\u00e3o em\u00a0viola\u00e7\u00f5es destes direitos<\/span><\/p>\n<\/div>[\/et_pb_text][\/et_pb_column][\/et_pb_row][et_pb_row _builder_version=&#8221;4.23&#8243; _module_preset=&#8221;default&#8221; global_colors_info=&#8221;{}&#8221;][et_pb_column type=&#8221;4_4&#8243; _builder_version=&#8221;4.23&#8243; _module_preset=&#8221;default&#8221; global_colors_info=&#8221;{}&#8221;][et_pb_image src=&#8221;https:\/\/sigmatransformadores.com.br\/wp-content\/uploads\/2023\/11\/apoiar-1.png&#8221; title_text=&#8221;apoiar (1)&#8221; _builder_version=&#8221;4.23&#8243; _module_preset=&#8221;default&#8221; global_colors_info=&#8221;{}&#8221;][\/et_pb_image][et_pb_text _builder_version=&#8221;4.23&#8243; _module_preset=&#8221;default&#8221; text_font=&#8221;Open Sans|700|||||||&#8221; text_text_color=&#8221;#000000&#8243; text_font_size=&#8221;18px&#8221; global_colors_info=&#8221;{}&#8221;]<div class=\"col-lg-6\">\n<p><span>Apoiar<\/span><\/p>\n<\/div>[\/et_pb_text][et_pb_text _builder_version=&#8221;4.23&#8243; _module_preset=&#8221;default&#8221; text_font=&#8221;Open Sans||||||||&#8221; global_colors_info=&#8221;{}&#8221;]<div class=\"col-lg-6\">\n<p><span>As empresas devem apoiar a liberdade de\u00a0associa\u00e7\u00e3o e o reconhecimento efetivo do\u00a0direito \u00e0 negocia\u00e7\u00e3o coletiva<\/span><\/p>\n<\/div>[\/et_pb_text][\/et_pb_column][\/et_pb_row][et_pb_row _builder_version=&#8221;4.23&#8243; _module_preset=&#8221;default&#8221; global_colors_info=&#8221;{}&#8221;][et_pb_column type=&#8221;4_4&#8243; _builder_version=&#8221;4.23&#8243; _module_preset=&#8221;default&#8221; global_colors_info=&#8221;{}&#8221;][et_pb_image src=&#8221;https:\/\/sigmatransformadores.com.br\/wp-content\/uploads\/2023\/11\/eliminar-1.png&#8221; title_text=&#8221;eliminar (1)&#8221; _builder_version=&#8221;4.23&#8243; _module_preset=&#8221;default&#8221; global_colors_info=&#8221;{}&#8221;][\/et_pb_image][et_pb_text _builder_version=&#8221;4.23&#8243; _module_preset=&#8221;default&#8221; text_font=&#8221;Open Sans|700|||||||&#8221; text_text_color=&#8221;#000000&#8243; text_font_size=&#8221;18px&#8221; global_colors_info=&#8221;{}&#8221;]<div class=\"col-lg-6\">\n<p><span>Eliminar<\/span><\/p>\n<\/div>[\/et_pb_text][et_pb_text _builder_version=&#8221;4.23&#8243; _module_preset=&#8221;default&#8221; text_font=&#8221;Open Sans||||||||&#8221; global_colors_info=&#8221;{}&#8221;]<div class=\"col-lg-6\">\n<p><span>A elimina\u00e7\u00e3o de todas as formas de\u00a0trabalho for\u00e7ado ou compuls\u00f3rio<\/span><\/p>\n<\/div>[\/et_pb_text][\/et_pb_column][\/et_pb_row][et_pb_row _builder_version=&#8221;4.23&#8243; _module_preset=&#8221;default&#8221; global_colors_info=&#8221;{}&#8221;][et_pb_column type=&#8221;4_4&#8243; _builder_version=&#8221;4.23&#8243; _module_preset=&#8221;default&#8221; global_colors_info=&#8221;{}&#8221;][et_pb_image src=&#8221;https:\/\/sigmatransformadores.com.br\/wp-content\/uploads\/2023\/11\/erradicar-1.png&#8221; title_text=&#8221;erradicar (1)&#8221; _builder_version=&#8221;4.23&#8243; _module_preset=&#8221;default&#8221; hover_enabled=&#8221;0&#8243; global_colors_info=&#8221;{}&#8221; sticky_enabled=&#8221;0&#8243;][\/et_pb_image][et_pb_text _builder_version=&#8221;4.23&#8243; _module_preset=&#8221;default&#8221; text_font=&#8221;Open Sans|700|||||||&#8221; text_text_color=&#8221;#000000&#8243; text_font_size=&#8221;18px&#8221; hover_enabled=&#8221;0&#8243; global_colors_info=&#8221;{}&#8221; sticky_enabled=&#8221;0&#8243;]<div class=\"col-lg-6\">\n<p><span>Erradicar<\/span><\/p>\n<\/div>[\/et_pb_text][et_pb_text _builder_version=&#8221;4.23&#8243; _module_preset=&#8221;default&#8221; text_font=&#8221;Open Sans||||||||&#8221; hover_enabled=&#8221;0&#8243; global_colors_info=&#8221;{}&#8221; sticky_enabled=&#8221;0&#8243;]<div class=\"col-lg-6\">\n<p><span>A aboli\u00e7\u00e3o efetiva do trabalho infantil<\/span><\/p>\n<\/div>[\/et_pb_text][\/et_pb_column][\/et_pb_row][et_pb_row _builder_version=&#8221;4.23&#8243; _module_preset=&#8221;default&#8221; global_colors_info=&#8221;{}&#8221;][et_pb_column type=&#8221;4_4&#8243; _builder_version=&#8221;4.23&#8243; _module_preset=&#8221;default&#8221; global_colors_info=&#8221;{}&#8221;][et_pb_image src=&#8221;https:\/\/sigmatransformadores.com.br\/wp-content\/uploads\/2023\/11\/estimular-1.png&#8221; title_text=&#8221;estimular (1)&#8221; _builder_version=&#8221;4.23&#8243; _module_preset=&#8221;default&#8221; hover_enabled=&#8221;0&#8243; global_colors_info=&#8221;{}&#8221; sticky_enabled=&#8221;0&#8243;][\/et_pb_image][et_pb_text _builder_version=&#8221;4.23&#8243; _module_preset=&#8221;default&#8221; text_font=&#8221;Open Sans|700|||||||&#8221; text_text_color=&#8221;#000000&#8243; text_font_size=&#8221;18px&#8221; hover_enabled=&#8221;0&#8243; global_colors_info=&#8221;{}&#8221; sticky_enabled=&#8221;0&#8243;]<div class=\"col-lg-6\">\n<p><span>Estimular<\/span><\/p>\n<\/div>[\/et_pb_text][et_pb_text _builder_version=&#8221;4.23&#8243; _module_preset=&#8221;default&#8221; text_font=&#8221;Open Sans||||||||&#8221; hover_enabled=&#8221;0&#8243; global_colors_info=&#8221;{}&#8221; sticky_enabled=&#8221;0&#8243;]<div class=\"col-lg-6\">\n<p><span>Eliminar a discrimina\u00e7\u00e3o no emprego<\/span><\/p>\n<\/div>[\/et_pb_text][\/et_pb_column][\/et_pb_row][et_pb_row _builder_version=&#8221;4.23&#8243; _module_preset=&#8221;default&#8221; global_colors_info=&#8221;{}&#8221;][et_pb_column type=&#8221;4_4&#8243; _builder_version=&#8221;4.23&#8243; _module_preset=&#8221;default&#8221; global_colors_info=&#8221;{}&#8221;][et_pb_image src=&#8221;https:\/\/sigmatransformadores.com.br\/wp-content\/uploads\/2023\/11\/assumir-1.png&#8221; title_text=&#8221;assumir (1)&#8221; _builder_version=&#8221;4.23&#8243; _module_preset=&#8221;default&#8221; hover_enabled=&#8221;0&#8243; global_colors_info=&#8221;{}&#8221; sticky_enabled=&#8221;0&#8243;][\/et_pb_image][et_pb_text _builder_version=&#8221;4.23&#8243; _module_preset=&#8221;default&#8221; text_font=&#8221;Open Sans|700|||||||&#8221; text_text_color=&#8221;#000000&#8243; text_font_size=&#8221;18px&#8221; hover_enabled=&#8221;0&#8243; global_colors_info=&#8221;{}&#8221; sticky_enabled=&#8221;0&#8243;]<div class=\"col-lg-6\">\n<p><span>Assumir<\/span><\/p>\n<\/div>[\/et_pb_text][et_pb_text _builder_version=&#8221;4.23&#8243; _module_preset=&#8221;default&#8221; text_font=&#8221;Open Sans||||||||&#8221; hover_enabled=&#8221;0&#8243; global_colors_info=&#8221;{}&#8221; sticky_enabled=&#8221;0&#8243;]<div class=\"col-lg-6\">\n<p><span>As empresas devem apoiar uma abordagem\u00a0preventiva aos desafios ambientais<\/span><\/p>\n<\/div>[\/et_pb_text][\/et_pb_column][\/et_pb_row][et_pb_row _builder_version=&#8221;4.23&#8243; _module_preset=&#8221;default&#8221; global_colors_info=&#8221;{}&#8221;][et_pb_column type=&#8221;4_4&#8243; _builder_version=&#8221;4.23&#8243; _module_preset=&#8221;default&#8221; global_colors_info=&#8221;{}&#8221;][et_pb_image src=&#8221;https:\/\/sigmatransformadores.com.br\/wp-content\/uploads\/2023\/11\/desenvolver.png&#8221; title_text=&#8221;desenvolver&#8221; _builder_version=&#8221;4.23&#8243; _module_preset=&#8221;default&#8221; hover_enabled=&#8221;0&#8243; global_colors_info=&#8221;{}&#8221; sticky_enabled=&#8221;0&#8243;][\/et_pb_image][et_pb_text _builder_version=&#8221;4.23&#8243; _module_preset=&#8221;default&#8221; text_font=&#8221;Open Sans|700|||||||&#8221; text_text_color=&#8221;#000000&#8243; text_font_size=&#8221;18px&#8221; hover_enabled=&#8221;0&#8243; global_colors_info=&#8221;{}&#8221; sticky_enabled=&#8221;0&#8243;]<div class=\"col-lg-6\">\n<p><span>Desenvolver<\/span><\/p>\n<\/div>[\/et_pb_text][et_pb_text _builder_version=&#8221;4.23&#8243; _module_preset=&#8221;default&#8221; text_font=&#8221;Open Sans||||||||&#8221; hover_enabled=&#8221;0&#8243; global_colors_info=&#8221;{}&#8221; sticky_enabled=&#8221;0&#8243;]<div class=\"col-lg-6\">\n<p><span>Desenvolver iniciativas para promover\u00a0maior responsabilidade ambiental<\/span><\/p>\n<\/div>[\/et_pb_text][\/et_pb_column][\/et_pb_row][et_pb_row _builder_version=&#8221;4.23&#8243; _module_preset=&#8221;default&#8221; global_colors_info=&#8221;{}&#8221;][et_pb_column type=&#8221;4_4&#8243; _builder_version=&#8221;4.23&#8243; _module_preset=&#8221;default&#8221; global_colors_info=&#8221;{}&#8221;][et_pb_image src=&#8221;https:\/\/sigmatransformadores.com.br\/wp-content\/uploads\/2023\/11\/incentivar.png&#8221; title_text=&#8221;incentivar&#8221; _builder_version=&#8221;4.23&#8243; _module_preset=&#8221;default&#8221; hover_enabled=&#8221;0&#8243; global_colors_info=&#8221;{}&#8221; sticky_enabled=&#8221;0&#8243;][\/et_pb_image][et_pb_text _builder_version=&#8221;4.23&#8243; _module_preset=&#8221;default&#8221; text_font=&#8221;Open Sans|700|||||||&#8221; text_text_color=&#8221;#000000&#8243; text_font_size=&#8221;18px&#8221; hover_enabled=&#8221;0&#8243; global_colors_info=&#8221;{}&#8221; sticky_enabled=&#8221;0&#8243;]<div class=\"col-lg-6\">\n<p><span>Incentivar<\/span><\/p>\n<\/div>[\/et_pb_text][et_pb_text _builder_version=&#8221;4.23&#8243; _module_preset=&#8221;default&#8221; text_font=&#8221;Open Sans||||||||&#8221; hover_enabled=&#8221;0&#8243; global_colors_info=&#8221;{}&#8221; sticky_enabled=&#8221;0&#8243;]<div class=\"col-lg-6\">\n<p><span>Incentivar o desenvolvimento e difus\u00e3o de\u00a0tecnologias ambientalmente amig\u00e1veis<\/span><\/p>\n<\/div>[\/et_pb_text][\/et_pb_column][\/et_pb_row][et_pb_row _builder_version=&#8221;4.23&#8243; _module_preset=&#8221;default&#8221; global_colors_info=&#8221;{}&#8221;][et_pb_column type=&#8221;4_4&#8243; _builder_version=&#8221;4.23&#8243; _module_preset=&#8221;default&#8221; global_colors_info=&#8221;{}&#8221;][et_pb_image src=&#8221;https:\/\/sigmatransformadores.com.br\/wp-content\/uploads\/2023\/11\/combater.png&#8221; title_text=&#8221;combater&#8221; _builder_version=&#8221;4.23&#8243; _module_preset=&#8221;default&#8221; hover_enabled=&#8221;0&#8243; global_colors_info=&#8221;{}&#8221; sticky_enabled=&#8221;0&#8243;][\/et_pb_image][et_pb_text _builder_version=&#8221;4.23&#8243; _module_preset=&#8221;default&#8221; text_font=&#8221;Open Sans|700|||||||&#8221; text_text_color=&#8221;#000000&#8243; text_font_size=&#8221;18px&#8221; hover_enabled=&#8221;0&#8243; global_colors_info=&#8221;{}&#8221; sticky_enabled=&#8221;0&#8243;]<div class=\"col-lg-6\">\n<p><span>Combater<\/span><\/p>\n<\/div>[\/et_pb_text][et_pb_text _builder_version=&#8221;4.23&#8243; _module_preset=&#8221;default&#8221; text_font=&#8221;Open Sans||||||||&#8221; hover_enabled=&#8221;0&#8243; global_colors_info=&#8221;{}&#8221; sticky_enabled=&#8221;0&#8243;]<div class=\"col-lg-6\">\n<p><span>As empresas devem combater a\u00a0corrup\u00e7\u00e3o em todas as suas formas, inclusive\u00a0extors\u00e3o e propina<\/span><\/p>\n<\/div>[\/et_pb_text][\/et_pb_column][\/et_pb_row][\/et_pb_section]\n","protected":false},"excerpt":{"rendered":"<p>Sustentabilidade A Sigma Equipamentos El\u00e9tricos Ltda, com a\u00e7\u00f5es respons\u00e1veis frente suas pol\u00edticas de gest\u00e3o, visa sempre desenvolver de suas atividades de forma sustent\u00e1vel.\u00a0 Atrav\u00e9s da Certifica\u00e7\u00e3o na ISO 9001 e dos esfor\u00e7os que vem sendo realizados para uma futura certifica\u00e7\u00e3o nas ISO\u2019s 14001 e 45001, a empresa busca transpar\u00eancia e compromisso com a qualidade, respeito [&hellip;]<\/p>\n","protected":false},"author":1,"featured_media":411,"parent":0,"menu_order":0,"comment_status":"closed","ping_status":"closed","template":"","meta":{"_et_pb_use_builder":"on","_et_pb_old_content":"","_et_gb_content_width":"","footnotes":""},"_links":{"self":[{"href":"https:\/\/sigmatransformadores.com.br\/index.php\/wp-json\/wp\/v2\/pages\/149"}],"collection":[{"href":"https:\/\/sigmatransformadores.com.br\/index.php\/wp-json\/wp\/v2\/pages"}],"about":[{"href":"https:\/\/sigmatransformadores.com.br\/index.php\/wp-json\/wp\/v2\/types\/page"}],"author":[{"embeddable":true,"href":"https:\/\/sigmatransformadores.com.br\/index.php\/wp-json\/wp\/v2\/users\/1"}],"replies":[{"embeddable":true,"href":"https:\/\/sigmatransformadores.com.br\/index.php\/wp-json\/wp\/v2\/comments?post=149"}],"version-history":[{"count":5,"href":"https:\/\/sigmatransformadores.com.br\/index.php\/wp-json\/wp\/v2\/pages\/149\/revisions"}],"predecessor-version":[{"id":421,"href":"https:\/\/sigmatransformadores.com.br\/index.php\/wp-json\/wp\/v2\/pages\/149\/revisions\/421"}],"wp:featuredmedia":[{"embeddable":true,"href":"https:\/\/sigmatransformadores.com.br\/index.php\/wp-json\/wp\/v2\/media\/411"}],"wp:attachment":[{"href":"https:\/\/sigmatransformadores.com.br\/index.php\/wp-json\/wp\/v2\/media?parent=149"}],"curies":[{"name":"wp","href":"https:\/\/api.w.org\/{rel}","templated":true}]}}