{"id":118,"date":"2023-11-03T17:23:47","date_gmt":"2023-11-03T20:23:47","guid":{"rendered":"https:\/\/sigmatransformadores.com.br\/?page_id=118"},"modified":"2025-03-12T14:53:30","modified_gmt":"2025-03-12T17:53:30","slug":"sobre","status":"publish","type":"page","link":"https:\/\/sigmatransformadores.com.br\/index.php\/sobre\/","title":{"rendered":"Sobre"},"content":{"rendered":"<p>[et_pb_section fb_built=&#8221;1&#8243; _builder_version=&#8221;4.23&#8243; _module_preset=&#8221;default&#8221; background_image=&#8221;https:\/\/sigmatransformadores.com.br\/wp-content\/uploads\/2023\/11\/FOTO-principal-sobre-sigma-1.png&#8221; width=&#8221;100%&#8221; max_width=&#8221;100%&#8221; custom_margin=&#8221;0px||0px||true|false&#8221; custom_padding=&#8221;8%||8%||true|false&#8221; global_colors_info=&#8221;{}&#8221;][et_pb_row use_custom_gutter=&#8221;on&#8221; gutter_width=&#8221;1&#8243; _builder_version=&#8221;4.23&#8243; _module_preset=&#8221;default&#8221; width=&#8221;100%&#8221; max_width=&#8221;100%&#8221; module_alignment=&#8221;center&#8221; global_colors_info=&#8221;{}&#8221;][et_pb_column type=&#8221;4_4&#8243; _builder_version=&#8221;4.23&#8243; _module_preset=&#8221;default&#8221; custom_padding=&#8221;0px|0px|0px|0px|true|true&#8221; global_colors_info=&#8221;{}&#8221;][\/et_pb_column][\/et_pb_row][\/et_pb_section][et_pb_section fb_built=&#8221;1&#8243; _builder_version=&#8221;4.23&#8243; _module_preset=&#8221;default&#8221; custom_padding=&#8221;4%||5%||false|false&#8221; global_colors_info=&#8221;{}&#8221;][et_pb_row column_structure=&#8221;1_2,1_2&#8243; _builder_version=&#8221;4.23&#8243; _module_preset=&#8221;default&#8221; global_colors_info=&#8221;{}&#8221;][et_pb_column type=&#8221;1_2&#8243; _builder_version=&#8221;4.23&#8243; _module_preset=&#8221;default&#8221; global_colors_info=&#8221;{}&#8221;][et_pb_blurb title=&#8221;Mais de 30 anos de Solu\u00e7\u00f5es em Energia&#8221; image_icon_width=&#8221;32px&#8221; icon_alignment=&#8221;left&#8221; _builder_version=&#8221;4.23&#8243; _module_preset=&#8221;default&#8221; header_font=&#8221;Open Sans|800|||||||&#8221; header_text_align=&#8221;left&#8221; header_font_size=&#8221;32px&#8221; global_colors_info=&#8221;{}&#8221;][\/et_pb_blurb][et_pb_text _builder_version=&#8221;4.23&#8243; _module_preset=&#8221;default&#8221; text_font=&#8221;Open Sans||||||||&#8221; global_colors_info=&#8221;{}&#8221;]<\/p>\n<p>Atendendo clientes de renome nacional no decorrer de toda a nossa hist\u00f3ria, n\u00f3s, da Sigma Transformadores, acreditamos que a alta tecnologia e a garantia de seguran\u00e7a precisam andar de m\u00e3os dadas.<\/p>\n<p>[\/et_pb_text][\/et_pb_column][et_pb_column type=&#8221;1_2&#8243; _builder_version=&#8221;4.23&#8243; _module_preset=&#8221;default&#8221; global_colors_info=&#8221;{}&#8221;][et_pb_image src=&#8221;https:\/\/sigmatransformadores.com.br\/wp-content\/uploads\/2023\/11\/MONO-2.png&#8221; title_text=&#8221;MONO 2&#8243; align=&#8221;center&#8221; _builder_version=&#8221;4.23&#8243; _module_preset=&#8221;default&#8221; module_alignment=&#8221;center&#8221; custom_margin=&#8221;-38%||||false|false&#8221; custom_margin_tablet=&#8221;-38%||||false|false&#8221; custom_margin_phone=&#8221;5%||||false|false&#8221; custom_margin_last_edited=&#8221;on|phone&#8221; global_colors_info=&#8221;{}&#8221;][\/et_pb_image][\/et_pb_column][\/et_pb_row][et_pb_row column_structure=&#8221;1_2,1_2&#8243; _builder_version=&#8221;4.23&#8243; _module_preset=&#8221;default&#8221; global_colors_info=&#8221;{}&#8221;][et_pb_column type=&#8221;1_2&#8243; _builder_version=&#8221;4.23&#8243; _module_preset=&#8221;default&#8221; global_colors_info=&#8221;{}&#8221;][et_pb_image src=&#8221;https:\/\/sigmatransformadores.com.br\/wp-content\/uploads\/2023\/11\/Transformador-2-sobre.png&#8221; title_text=&#8221;Transformador 2 sobre&#8221; _builder_version=&#8221;4.23&#8243; _module_preset=&#8221;default&#8221; global_colors_info=&#8221;{}&#8221;][\/et_pb_image][\/et_pb_column][et_pb_column type=&#8221;1_2&#8243; _builder_version=&#8221;4.23&#8243; _module_preset=&#8221;default&#8221; custom_padding=&#8221;12%||||false|false&#8221; global_colors_info=&#8221;{}&#8221;][et_pb_text _builder_version=&#8221;4.23&#8243; _module_preset=&#8221;default&#8221; text_font=&#8221;Open Sans||||||||&#8221; text_orientation=&#8221;right&#8221; global_colors_info=&#8221;{}&#8221;]<\/p>\n<p>Trabalhamos com uma diversificada linha de transformadores. Produzimos transformadores de distribui\u00e7\u00e3o e for\u00e7a de 5 a 1.500 kVA, nas classes de isola\u00e7\u00e3o de 15; 24,2; e 36,2 kV. Al\u00e9m de uma linha de transformadores especiais para uso em fornos de indu\u00e7\u00e3o, com blindagem eletrost\u00e1tica e com duplo enrolamento e autotransformadores.<\/p>\n<p>[\/et_pb_text][\/et_pb_column][\/et_pb_row][et_pb_row column_structure=&#8221;1_2,1_2&#8243; _builder_version=&#8221;4.23&#8243; _module_preset=&#8221;default&#8221; global_colors_info=&#8221;{}&#8221;][et_pb_column type=&#8221;1_2&#8243; _builder_version=&#8221;4.23&#8243; _module_preset=&#8221;default&#8221; global_colors_info=&#8221;{}&#8221;][et_pb_blurb title=&#8221;Nossa hist\u00f3ria&#8221; image_icon_width=&#8221;32px&#8221; icon_alignment=&#8221;left&#8221; _builder_version=&#8221;4.23&#8243; _module_preset=&#8221;default&#8221; header_font=&#8221;Open Sans|800|||||||&#8221; header_text_align=&#8221;left&#8221; header_font_size=&#8221;32px&#8221; global_colors_info=&#8221;{}&#8221;][\/et_pb_blurb][et_pb_text _builder_version=&#8221;4.23&#8243; _module_preset=&#8221;default&#8221; text_font=&#8221;Open Sans||||||||&#8221; global_colors_info=&#8221;{}&#8221;]<\/p>\n<p>A Sigma transformadores iniciou suas atividades em 1990, instalada na \u00e1rea industrial na cidade de Lagoa Vermelha, RS. Inicialmente a empresa tinha o prop\u00f3sito de prestar servi\u00e7os de manuten\u00e7\u00e3o de m\u00e1quinas el\u00e9tricas bobinadas, especialmente motores e transformadores. No ano de 1995 a empresa iniciou a presta\u00e7\u00e3o de servi\u00e7os de manuten\u00e7\u00e3o de transformadores para uma grande concession\u00e1ria do Rio Grande do Sul. Ap\u00f3s isso a empresa descobriu voca\u00e7\u00e3o para este tipo de trabalho e foi gradativamente aperfei\u00e7oando processos e aumento sua produtividade.\u00a0<\/p>\n<p>[\/et_pb_text][\/et_pb_column][et_pb_column type=&#8221;1_2&#8243; _builder_version=&#8221;4.23&#8243; _module_preset=&#8221;default&#8221; custom_padding=&#8221;||||false|false&#8221; global_colors_info=&#8221;{}&#8221;][et_pb_text _builder_version=&#8221;4.23&#8243; _module_preset=&#8221;default&#8221; text_font=&#8221;Open Sans||||||||&#8221; custom_padding=&#8221;13%||||false|false&#8221; global_colors_info=&#8221;{}&#8221;]<\/p>\n<p>A partir de ano de 2002 a empresa iniciou a fabrica\u00e7\u00e3o de transformadores de distribui\u00e7\u00e3o, sendo que os primeiros modelos constru\u00eddos foram os monof\u00e1sicos, que naquela ocasi\u00e3o foram instalados nas \u00e1reas rurais fazendo parte do projeto Luz para todos. Com o passar dos anos a Sigma transformadores dedicou-se em investir nas suas instala\u00e7\u00f5es, certifica\u00e7\u00f5es e homologa\u00e7\u00f5es e em qualificar seus colaboradores para buscar melhoria continua no seu produto e em seus processos, visando a redu\u00e7\u00e3o de desperd\u00edcio de mat\u00e9rias primas, preserva\u00e7\u00e3o da integridade f\u00edsica das pessoas e satisfa\u00e7\u00e3o do cliente.<\/p>\n<p>[\/et_pb_text][\/et_pb_column][\/et_pb_row][\/et_pb_section][et_pb_section fb_built=&#8221;1&#8243; _builder_version=&#8221;4.23&#8243; _module_preset=&#8221;default&#8221; background_color=&#8221;#E02B20&#8243; background_image=&#8221;https:\/\/sigmatransformadores.com.br\/wp-content\/uploads\/2023\/11\/sigma-fundo-area-4.jpg&#8221; parallax=&#8221;on&#8221; global_colors_info=&#8221;{}&#8221;][et_pb_row _builder_version=&#8221;4.23&#8243; _module_preset=&#8221;default&#8221; global_colors_info=&#8221;{}&#8221;][et_pb_column type=&#8221;4_4&#8243; _builder_version=&#8221;4.23&#8243; _module_preset=&#8221;default&#8221; global_colors_info=&#8221;{}&#8221;][et_pb_text _builder_version=&#8221;4.23&#8243; _module_preset=&#8221;default&#8221; text_font=&#8221;Open Sans||||||||&#8221; text_text_color=&#8221;#FFFFFF&#8221; text_font_size=&#8221;32px&#8221; header_3_font=&#8221;Open Sans||||||||&#8221; header_3_text_color=&#8221;#FFFFFF&#8221; header_3_font_size=&#8221;32px&#8221; header_3_line_height=&#8221;1.3em&#8221; text_orientation=&#8221;center&#8221; custom_margin=&#8221;||8px||false|false&#8221; custom_padding=&#8221;||0px||false|false&#8221; global_colors_info=&#8221;{}&#8221;]<\/p>\n<h3>Trabalhamos para produzir tudo que voc\u00ea possa precisar em <strong>solu\u00e7\u00f5es de energia para o meio rural, urbano ou industrial.<\/strong><\/h3>\n<p>[\/et_pb_text][\/et_pb_column][\/et_pb_row][\/et_pb_section][et_pb_section fb_built=&#8221;1&#8243; _builder_version=&#8221;4.23&#8243; _module_preset=&#8221;default&#8221; global_colors_info=&#8221;{}&#8221;][et_pb_row _builder_version=&#8221;4.23&#8243; _module_preset=&#8221;default&#8221; global_colors_info=&#8221;{}&#8221;][et_pb_column type=&#8221;4_4&#8243; _builder_version=&#8221;4.23&#8243; _module_preset=&#8221;default&#8221; global_colors_info=&#8221;{}&#8221;][et_pb_image src=&#8221;https:\/\/sigmatransformadores.com.br\/wp-content\/uploads\/2023\/11\/Imagem-1.png&#8221; title_text=&#8221;Imagem 1&#8243; align=&#8221;center&#8221; _builder_version=&#8221;4.23&#8243; _module_preset=&#8221;default&#8221; global_colors_info=&#8221;{}&#8221;][\/et_pb_image][et_pb_blurb title=&#8221;Certifica\u00e7\u00f5es Nacionais e Internacionais&#8221; image_icon_width=&#8221;32px&#8221; icon_alignment=&#8221;left&#8221; _builder_version=&#8221;4.23&#8243; _module_preset=&#8221;default&#8221; header_font=&#8221;Open Sans|800|||||||&#8221; header_text_align=&#8221;center&#8221; header_font_size=&#8221;32px&#8221; text_orientation=&#8221;center&#8221; global_colors_info=&#8221;{}&#8221;][\/et_pb_blurb][et_pb_text _builder_version=&#8221;4.23&#8243; _module_preset=&#8221;default&#8221; text_font=&#8221;Open Sans||||||||&#8221; text_font_size=&#8221;16px&#8221; text_orientation=&#8221;center&#8221; global_colors_info=&#8221;{}&#8221;]<\/p>\n<p>Fornecemos transformadores de acordo com os padr\u00f5es e normativas para todas as concession\u00e1rias locais e tamb\u00e9m para Cooperativas de Eletrifica\u00e7\u00e3o Rural. Participamos do Pacto Global e nossos produtos s\u00e3o certificados pelo INMETRO e pela Norma ISO 9001. Tudo isso comprova e refor\u00e7a o nosso compromisso de entregar produtos com alta tecnologia e garantia de seguran\u00e7a.<\/p>\n<p>[\/et_pb_text][\/et_pb_column][\/et_pb_row][\/et_pb_section]<\/p>\n","protected":false},"excerpt":{"rendered":"<p>Atendendo clientes de renome nacional no decorrer de toda a nossa hist\u00f3ria, n\u00f3s, da Sigma Transformadores, acreditamos que a alta tecnologia e a garantia de seguran\u00e7a precisam andar de m\u00e3os dadas.Trabalhamos com uma diversificada linha de transformadores. Produzimos transformadores de distribui\u00e7\u00e3o e for\u00e7a de 5 a 1.500 kVA, nas classes de isola\u00e7\u00e3o de 15; 24,2; [&hellip;]<\/p>\n","protected":false},"author":1,"featured_media":411,"parent":0,"menu_order":0,"comment_status":"closed","ping_status":"closed","template":"","meta":{"_et_pb_use_builder":"on","_et_pb_old_content":"","_et_gb_content_width":"","footnotes":""},"_links":{"self":[{"href":"https:\/\/sigmatransformadores.com.br\/index.php\/wp-json\/wp\/v2\/pages\/118"}],"collection":[{"href":"https:\/\/sigmatransformadores.com.br\/index.php\/wp-json\/wp\/v2\/pages"}],"about":[{"href":"https:\/\/sigmatransformadores.com.br\/index.php\/wp-json\/wp\/v2\/types\/page"}],"author":[{"embeddable":true,"href":"https:\/\/sigmatransformadores.com.br\/index.php\/wp-json\/wp\/v2\/users\/1"}],"replies":[{"embeddable":true,"href":"https:\/\/sigmatransformadores.com.br\/index.php\/wp-json\/wp\/v2\/comments?post=118"}],"version-history":[{"count":7,"href":"https:\/\/sigmatransformadores.com.br\/index.php\/wp-json\/wp\/v2\/pages\/118\/revisions"}],"predecessor-version":[{"id":5269,"href":"https:\/\/sigmatransformadores.com.br\/index.php\/wp-json\/wp\/v2\/pages\/118\/revisions\/5269"}],"wp:featuredmedia":[{"embeddable":true,"href":"https:\/\/sigmatransformadores.com.br\/index.php\/wp-json\/wp\/v2\/media\/411"}],"wp:attachment":[{"href":"https:\/\/sigmatransformadores.com.br\/index.php\/wp-json\/wp\/v2\/media?parent=118"}],"curies":[{"name":"wp","href":"https:\/\/api.w.org\/{rel}","templated":true}]}}